{"id":366,"date":"2016-03-24T05:22:28","date_gmt":"2016-03-24T05:22:28","guid":{"rendered":"https:\/\/www.paris-b.com\/fr\/?page_id=366"},"modified":"2023-04-21T10:58:07","modified_gmt":"2023-04-21T10:58:07","slug":"les-expositions","status":"publish","type":"page","link":"https:\/\/www.paris-b.com\/fr\/les-expositions\/","title":{"rendered":"EXPOSITIONS"},"content":{"rendered":"","protected":false},"excerpt":{"rendered":"","protected":false},"author":1,"featured_media":0,"parent":0,"menu_order":0,"comment_status":"closed","ping_status":"closed","template":"TPL_EXHIBITION_INDEX.php","meta":{"_acf_changed":false,"footnotes":""},"acf":[],"yoast_head":"<!-- This site is optimized with the Yoast SEO plugin v21.8.1 - https:\/\/yoast.com\/wordpress\/plugins\/seo\/ -->\n<title>EXPOSITIONS - PARIS\u00b7B<\/title>\n<meta name=\"description\" content=\"Programme d&#039;expositions de la Galerie: pass\u00e9es, en cours et \u00e0 venir. Expositions \u00e0 PARIS-B : Liu Bolin, Yang Yongliang, Qi Zhuo,...\" \/>\n<meta name=\"robots\" content=\"index, follow, max-snippet:-1, max-image-preview:large, max-video-preview:-1\" \/>\n<link rel=\"canonical\" href=\"https:\/\/www.paris-b.com\/fr\/les-expositions\/\" \/>\n<meta property=\"og:locale\" content=\"fr_FR\" \/>\n<meta property=\"og:type\" content=\"article\" \/>\n<meta property=\"og:title\" content=\"EXPOSITIONS - PARIS\u00b7B\" \/>\n<meta property=\"og:description\" content=\"Programme d&#039;expositions de la Galerie: pass\u00e9es, en cours et \u00e0 venir. Expositions \u00e0 PARIS-B : Liu Bolin, Yang Yongliang, Qi Zhuo,...\" \/>\n<meta property=\"og:url\" content=\"https:\/\/www.paris-b.com\/fr\/les-expositions\/\" \/>\n<meta property=\"og:site_name\" content=\"PARIS\u00b7B\" \/>\n<meta property=\"article:publisher\" content=\"https:\/\/www.facebook.com\/GalerieParisB\" \/>\n<meta property=\"article:modified_time\" content=\"2023-04-21T10:58:07+00:00\" \/>\n<meta name=\"twitter:card\" content=\"summary_large_image\" \/>\n<script type=\"application\/ld+json\" class=\"yoast-schema-graph\">{\"@context\":\"https:\/\/schema.org\",\"@graph\":[{\"@type\":\"WebPage\",\"@id\":\"https:\/\/www.paris-b.com\/fr\/les-expositions\/\",\"url\":\"https:\/\/www.paris-b.com\/fr\/les-expositions\/\",\"name\":\"EXPOSITIONS - PARIS\u00b7B\",\"isPartOf\":{\"@id\":\"https:\/\/www.paris-b.com\/#website\"},\"datePublished\":\"2016-03-24T05:22:28+00:00\",\"dateModified\":\"2023-04-21T10:58:07+00:00\",\"description\":\"Programme d'expositions de la Galerie: pass\u00e9es, en cours et \u00e0 venir. Expositions \u00e0 PARIS-B : Liu Bolin, Yang Yongliang, Qi Zhuo,...\",\"breadcrumb\":{\"@id\":\"https:\/\/www.paris-b.com\/fr\/les-expositions\/#breadcrumb\"},\"inLanguage\":\"fr-FR\",\"potentialAction\":[{\"@type\":\"ReadAction\",\"target\":[\"https:\/\/www.paris-b.com\/fr\/les-expositions\/\"]}]},{\"@type\":\"BreadcrumbList\",\"@id\":\"https:\/\/www.paris-b.com\/fr\/les-expositions\/#breadcrumb\",\"itemListElement\":[{\"@type\":\"ListItem\",\"position\":1,\"name\":\"Home\",\"item\":\"https:\/\/www.paris-b.com\/fr\/accueil-elementor\/\"},{\"@type\":\"ListItem\",\"position\":2,\"name\":\"EXPOSITIONS\"}]},{\"@type\":\"WebSite\",\"@id\":\"https:\/\/www.paris-b.com\/#website\",\"url\":\"https:\/\/www.paris-b.com\/\",\"name\":\"PARIS\u00b7B\",\"description\":\"Contemporary Art Gallery in Paris\",\"publisher\":{\"@id\":\"https:\/\/www.paris-b.com\/#organization\"},\"potentialAction\":[{\"@type\":\"SearchAction\",\"target\":{\"@type\":\"EntryPoint\",\"urlTemplate\":\"https:\/\/www.paris-b.com\/?s={search_term_string}\"},\"query-input\":\"required name=search_term_string\"}],\"inLanguage\":\"fr-FR\"},{\"@type\":\"Organization\",\"@id\":\"https:\/\/www.paris-b.com\/#organization\",\"name\":\"Galerie Paris-B\",\"url\":\"https:\/\/www.paris-b.com\/\",\"logo\":{\"@type\":\"ImageObject\",\"inLanguage\":\"fr-FR\",\"@id\":\"https:\/\/www.paris-b.com\/#\/schema\/logo\/image\/\",\"url\":\"https:\/\/www.paris-b.com\/wp-content\/uploads\/2022\/03\/logo_paris-b.jpg\",\"contentUrl\":\"https:\/\/www.paris-b.com\/wp-content\/uploads\/2022\/03\/logo_paris-b.jpg\",\"width\":300,\"height\":100,\"caption\":\"Galerie Paris-B\"},\"image\":{\"@id\":\"https:\/\/www.paris-b.com\/#\/schema\/logo\/image\/\"},\"sameAs\":[\"https:\/\/www.facebook.com\/GalerieParisB\",\"https:\/\/www.instagram.com\/galerieparisb\",\"https:\/\/www.pinterest.com\/galerieparisb\"]}]}<\/script>\n<!-- \/ Yoast SEO plugin. -->","yoast_head_json":{"title":"EXPOSITIONS - PARIS\u00b7B","description":"Programme d'expositions de la Galerie: pass\u00e9es, en cours et \u00e0 venir. Expositions \u00e0 PARIS-B : Liu Bolin, Yang Yongliang, Qi Zhuo,...","robots":{"index":"index","follow":"follow","max-snippet":"max-snippet:-1","max-image-preview":"max-image-preview:large","max-video-preview":"max-video-preview:-1"},"canonical":"https:\/\/www.paris-b.com\/fr\/les-expositions\/","og_locale":"fr_FR","og_type":"article","og_title":"EXPOSITIONS - PARIS\u00b7B","og_description":"Programme d'expositions de la Galerie: pass\u00e9es, en cours et \u00e0 venir. Expositions \u00e0 PARIS-B : Liu Bolin, Yang Yongliang, Qi Zhuo,...","og_url":"https:\/\/www.paris-b.com\/fr\/les-expositions\/","og_site_name":"PARIS\u00b7B","article_publisher":"https:\/\/www.facebook.com\/GalerieParisB","article_modified_time":"2023-04-21T10:58:07+00:00","twitter_card":"summary_large_image","schema":{"@context":"https:\/\/schema.org","@graph":[{"@type":"WebPage","@id":"https:\/\/www.paris-b.com\/fr\/les-expositions\/","url":"https:\/\/www.paris-b.com\/fr\/les-expositions\/","name":"EXPOSITIONS - PARIS\u00b7B","isPartOf":{"@id":"https:\/\/www.paris-b.com\/#website"},"datePublished":"2016-03-24T05:22:28+00:00","dateModified":"2023-04-21T10:58:07+00:00","description":"Programme d'expositions de la Galerie: pass\u00e9es, en cours et \u00e0 venir. Expositions \u00e0 PARIS-B : Liu Bolin, Yang Yongliang, Qi Zhuo,...","breadcrumb":{"@id":"https:\/\/www.paris-b.com\/fr\/les-expositions\/#breadcrumb"},"inLanguage":"fr-FR","potentialAction":[{"@type":"ReadAction","target":["https:\/\/www.paris-b.com\/fr\/les-expositions\/"]}]},{"@type":"BreadcrumbList","@id":"https:\/\/www.paris-b.com\/fr\/les-expositions\/#breadcrumb","itemListElement":[{"@type":"ListItem","position":1,"name":"Home","item":"https:\/\/www.paris-b.com\/fr\/accueil-elementor\/"},{"@type":"ListItem","position":2,"name":"EXPOSITIONS"}]},{"@type":"WebSite","@id":"https:\/\/www.paris-b.com\/#website","url":"https:\/\/www.paris-b.com\/","name":"PARIS\u00b7B","description":"Contemporary Art Gallery in Paris","publisher":{"@id":"https:\/\/www.paris-b.com\/#organization"},"potentialAction":[{"@type":"SearchAction","target":{"@type":"EntryPoint","urlTemplate":"https:\/\/www.paris-b.com\/?s={search_term_string}"},"query-input":"required name=search_term_string"}],"inLanguage":"fr-FR"},{"@type":"Organization","@id":"https:\/\/www.paris-b.com\/#organization","name":"Galerie Paris-B","url":"https:\/\/www.paris-b.com\/","logo":{"@type":"ImageObject","inLanguage":"fr-FR","@id":"https:\/\/www.paris-b.com\/#\/schema\/logo\/image\/","url":"https:\/\/www.paris-b.com\/wp-content\/uploads\/2022\/03\/logo_paris-b.jpg","contentUrl":"https:\/\/www.paris-b.com\/wp-content\/uploads\/2022\/03\/logo_paris-b.jpg","width":300,"height":100,"caption":"Galerie Paris-B"},"image":{"@id":"https:\/\/www.paris-b.com\/#\/schema\/logo\/image\/"},"sameAs":["https:\/\/www.facebook.com\/GalerieParisB","https:\/\/www.instagram.com\/galerieparisb","https:\/\/www.pinterest.com\/galerieparisb"]}]}},"_links":{"self":[{"href":"https:\/\/www.paris-b.com\/fr\/wp-json\/wp\/v2\/pages\/366"}],"collection":[{"href":"https:\/\/www.paris-b.com\/fr\/wp-json\/wp\/v2\/pages"}],"about":[{"href":"https:\/\/www.paris-b.com\/fr\/wp-json\/wp\/v2\/types\/page"}],"author":[{"embeddable":true,"href":"https:\/\/www.paris-b.com\/fr\/wp-json\/wp\/v2\/users\/1"}],"replies":[{"embeddable":true,"href":"https:\/\/www.paris-b.com\/fr\/wp-json\/wp\/v2\/comments?post=366"}],"version-history":[{"count":0,"href":"https:\/\/www.paris-b.com\/fr\/wp-json\/wp\/v2\/pages\/366\/revisions"}],"wp:attachment":[{"href":"https:\/\/www.paris-b.com\/fr\/wp-json\/wp\/v2\/media?parent=366"}],"curies":[{"name":"wp","href":"https:\/\/api.w.org\/{rel}","templated":true}]}}