{"id":370,"date":"2016-04-04T08:58:36","date_gmt":"2016-04-04T08:58:36","guid":{"rendered":"https:\/\/www.paris-b.com\/fr\/news-and-events\/"},"modified":"2022-12-17T12:23:55","modified_gmt":"2022-12-17T12:23:55","slug":"actualites-et-evenements","status":"publish","type":"page","link":"https:\/\/www.paris-b.com\/fr\/actualites-et-evenements\/","title":{"rendered":"ACTUALIT\u00c9S"},"content":{"rendered":"","protected":false},"excerpt":{"rendered":"","protected":false},"author":1,"featured_media":0,"parent":0,"menu_order":0,"comment_status":"closed","ping_status":"closed","template":"TPL_NEWS_INDEX.php","meta":{"_acf_changed":false,"footnotes":""},"acf":[],"yoast_head":"<!-- This site is optimized with the Yoast SEO plugin v21.8.1 - https:\/\/yoast.com\/wordpress\/plugins\/seo\/ -->\n<title>ACTUALIT\u00c9S - PARIS\u00b7B<\/title>\n<meta name=\"description\" content=\"PARIS-B et Artistes, actualit\u00e9s a venir et en cours, \u00e9v\u00e9nements et projet outdoor, expositions solo et collectives.\" \/>\n<meta name=\"robots\" content=\"index, follow, max-snippet:-1, max-image-preview:large, max-video-preview:-1\" \/>\n<link rel=\"canonical\" href=\"https:\/\/www.paris-b.com\/fr\/actualites-et-evenements\/\" \/>\n<meta property=\"og:locale\" content=\"fr_FR\" \/>\n<meta property=\"og:type\" content=\"article\" \/>\n<meta property=\"og:title\" content=\"ACTUALIT\u00c9S - PARIS\u00b7B\" \/>\n<meta property=\"og:description\" content=\"PARIS-B et Artistes, actualit\u00e9s a venir et en cours, \u00e9v\u00e9nements et projet outdoor, expositions solo et collectives.\" \/>\n<meta property=\"og:url\" content=\"https:\/\/www.paris-b.com\/fr\/actualites-et-evenements\/\" \/>\n<meta property=\"og:site_name\" content=\"PARIS\u00b7B\" \/>\n<meta property=\"article:publisher\" content=\"https:\/\/www.facebook.com\/GalerieParisB\" \/>\n<meta property=\"article:modified_time\" content=\"2022-12-17T12:23:55+00:00\" \/>\n<meta name=\"twitter:card\" content=\"summary_large_image\" \/>\n<script type=\"application\/ld+json\" class=\"yoast-schema-graph\">{\"@context\":\"https:\/\/schema.org\",\"@graph\":[{\"@type\":\"WebPage\",\"@id\":\"https:\/\/www.paris-b.com\/fr\/actualites-et-evenements\/\",\"url\":\"https:\/\/www.paris-b.com\/fr\/actualites-et-evenements\/\",\"name\":\"ACTUALIT\u00c9S - PARIS\u00b7B\",\"isPartOf\":{\"@id\":\"https:\/\/www.paris-b.com\/#website\"},\"datePublished\":\"2016-04-04T08:58:36+00:00\",\"dateModified\":\"2022-12-17T12:23:55+00:00\",\"description\":\"PARIS-B et Artistes, actualit\u00e9s a venir et en cours, \u00e9v\u00e9nements et projet outdoor, expositions solo et collectives.\",\"breadcrumb\":{\"@id\":\"https:\/\/www.paris-b.com\/fr\/actualites-et-evenements\/#breadcrumb\"},\"inLanguage\":\"fr-FR\",\"potentialAction\":[{\"@type\":\"ReadAction\",\"target\":[\"https:\/\/www.paris-b.com\/fr\/actualites-et-evenements\/\"]}]},{\"@type\":\"BreadcrumbList\",\"@id\":\"https:\/\/www.paris-b.com\/fr\/actualites-et-evenements\/#breadcrumb\",\"itemListElement\":[{\"@type\":\"ListItem\",\"position\":1,\"name\":\"Home\",\"item\":\"https:\/\/www.paris-b.com\/fr\/accueil-elementor\/\"},{\"@type\":\"ListItem\",\"position\":2,\"name\":\"ACTUALIT\u00c9S\"}]},{\"@type\":\"WebSite\",\"@id\":\"https:\/\/www.paris-b.com\/#website\",\"url\":\"https:\/\/www.paris-b.com\/\",\"name\":\"PARIS\u00b7B\",\"description\":\"Contemporary Art Gallery in Paris\",\"publisher\":{\"@id\":\"https:\/\/www.paris-b.com\/#organization\"},\"potentialAction\":[{\"@type\":\"SearchAction\",\"target\":{\"@type\":\"EntryPoint\",\"urlTemplate\":\"https:\/\/www.paris-b.com\/?s={search_term_string}\"},\"query-input\":\"required name=search_term_string\"}],\"inLanguage\":\"fr-FR\"},{\"@type\":\"Organization\",\"@id\":\"https:\/\/www.paris-b.com\/#organization\",\"name\":\"Galerie Paris-B\",\"url\":\"https:\/\/www.paris-b.com\/\",\"logo\":{\"@type\":\"ImageObject\",\"inLanguage\":\"fr-FR\",\"@id\":\"https:\/\/www.paris-b.com\/#\/schema\/logo\/image\/\",\"url\":\"https:\/\/www.paris-b.com\/wp-content\/uploads\/2022\/03\/logo_paris-b.jpg\",\"contentUrl\":\"https:\/\/www.paris-b.com\/wp-content\/uploads\/2022\/03\/logo_paris-b.jpg\",\"width\":300,\"height\":100,\"caption\":\"Galerie Paris-B\"},\"image\":{\"@id\":\"https:\/\/www.paris-b.com\/#\/schema\/logo\/image\/\"},\"sameAs\":[\"https:\/\/www.facebook.com\/GalerieParisB\",\"https:\/\/www.instagram.com\/galerieparisb\",\"https:\/\/www.pinterest.com\/galerieparisb\"]}]}<\/script>\n<!-- \/ Yoast SEO plugin. -->","yoast_head_json":{"title":"ACTUALIT\u00c9S - PARIS\u00b7B","description":"PARIS-B et Artistes, actualit\u00e9s a venir et en cours, \u00e9v\u00e9nements et projet outdoor, expositions solo et collectives.","robots":{"index":"index","follow":"follow","max-snippet":"max-snippet:-1","max-image-preview":"max-image-preview:large","max-video-preview":"max-video-preview:-1"},"canonical":"https:\/\/www.paris-b.com\/fr\/actualites-et-evenements\/","og_locale":"fr_FR","og_type":"article","og_title":"ACTUALIT\u00c9S - PARIS\u00b7B","og_description":"PARIS-B et Artistes, actualit\u00e9s a venir et en cours, \u00e9v\u00e9nements et projet outdoor, expositions solo et collectives.","og_url":"https:\/\/www.paris-b.com\/fr\/actualites-et-evenements\/","og_site_name":"PARIS\u00b7B","article_publisher":"https:\/\/www.facebook.com\/GalerieParisB","article_modified_time":"2022-12-17T12:23:55+00:00","twitter_card":"summary_large_image","schema":{"@context":"https:\/\/schema.org","@graph":[{"@type":"WebPage","@id":"https:\/\/www.paris-b.com\/fr\/actualites-et-evenements\/","url":"https:\/\/www.paris-b.com\/fr\/actualites-et-evenements\/","name":"ACTUALIT\u00c9S - PARIS\u00b7B","isPartOf":{"@id":"https:\/\/www.paris-b.com\/#website"},"datePublished":"2016-04-04T08:58:36+00:00","dateModified":"2022-12-17T12:23:55+00:00","description":"PARIS-B et Artistes, actualit\u00e9s a venir et en cours, \u00e9v\u00e9nements et projet outdoor, expositions solo et collectives.","breadcrumb":{"@id":"https:\/\/www.paris-b.com\/fr\/actualites-et-evenements\/#breadcrumb"},"inLanguage":"fr-FR","potentialAction":[{"@type":"ReadAction","target":["https:\/\/www.paris-b.com\/fr\/actualites-et-evenements\/"]}]},{"@type":"BreadcrumbList","@id":"https:\/\/www.paris-b.com\/fr\/actualites-et-evenements\/#breadcrumb","itemListElement":[{"@type":"ListItem","position":1,"name":"Home","item":"https:\/\/www.paris-b.com\/fr\/accueil-elementor\/"},{"@type":"ListItem","position":2,"name":"ACTUALIT\u00c9S"}]},{"@type":"WebSite","@id":"https:\/\/www.paris-b.com\/#website","url":"https:\/\/www.paris-b.com\/","name":"PARIS\u00b7B","description":"Contemporary Art Gallery in Paris","publisher":{"@id":"https:\/\/www.paris-b.com\/#organization"},"potentialAction":[{"@type":"SearchAction","target":{"@type":"EntryPoint","urlTemplate":"https:\/\/www.paris-b.com\/?s={search_term_string}"},"query-input":"required name=search_term_string"}],"inLanguage":"fr-FR"},{"@type":"Organization","@id":"https:\/\/www.paris-b.com\/#organization","name":"Galerie Paris-B","url":"https:\/\/www.paris-b.com\/","logo":{"@type":"ImageObject","inLanguage":"fr-FR","@id":"https:\/\/www.paris-b.com\/#\/schema\/logo\/image\/","url":"https:\/\/www.paris-b.com\/wp-content\/uploads\/2022\/03\/logo_paris-b.jpg","contentUrl":"https:\/\/www.paris-b.com\/wp-content\/uploads\/2022\/03\/logo_paris-b.jpg","width":300,"height":100,"caption":"Galerie Paris-B"},"image":{"@id":"https:\/\/www.paris-b.com\/#\/schema\/logo\/image\/"},"sameAs":["https:\/\/www.facebook.com\/GalerieParisB","https:\/\/www.instagram.com\/galerieparisb","https:\/\/www.pinterest.com\/galerieparisb"]}]}},"_links":{"self":[{"href":"https:\/\/www.paris-b.com\/fr\/wp-json\/wp\/v2\/pages\/370"}],"collection":[{"href":"https:\/\/www.paris-b.com\/fr\/wp-json\/wp\/v2\/pages"}],"about":[{"href":"https:\/\/www.paris-b.com\/fr\/wp-json\/wp\/v2\/types\/page"}],"author":[{"embeddable":true,"href":"https:\/\/www.paris-b.com\/fr\/wp-json\/wp\/v2\/users\/1"}],"replies":[{"embeddable":true,"href":"https:\/\/www.paris-b.com\/fr\/wp-json\/wp\/v2\/comments?post=370"}],"version-history":[{"count":0,"href":"https:\/\/www.paris-b.com\/fr\/wp-json\/wp\/v2\/pages\/370\/revisions"}],"wp:attachment":[{"href":"https:\/\/www.paris-b.com\/fr\/wp-json\/wp\/v2\/media?parent=370"}],"curies":[{"name":"wp","href":"https:\/\/api.w.org\/{rel}","templated":true}]}}