{"id":41920,"date":"2022-12-16T10:30:39","date_gmt":"2022-12-16T10:30:39","guid":{"rendered":"https:\/\/www.paris-b.com\/credits\/"},"modified":"2024-01-24T11:40:29","modified_gmt":"2024-01-24T11:40:29","slug":"credits","status":"publish","type":"page","link":"https:\/\/www.paris-b.com\/fr\/credits\/","title":{"rendered":"CR\u00c9DITS"},"content":{"rendered":"\t\t<div data-elementor-type=\"wp-page\" data-elementor-id=\"41920\" class=\"elementor elementor-41920 elementor-25048\">\n\t\t\t\t\t\t\t\t\t<section class=\"elementor-section elementor-top-section elementor-element elementor-element-1fe4945 elementor-section-boxed elementor-section-height-default elementor-section-height-default\" data-id=\"1fe4945\" data-element_type=\"section\">\n\t\t\t\t\t\t<div class=\"elementor-container elementor-column-gap-default\">\n\t\t\t\t\t<div class=\"elementor-column elementor-col-100 elementor-top-column elementor-element elementor-element-bf26acd\" data-id=\"bf26acd\" data-element_type=\"column\">\n\t\t\t<div class=\"elementor-widget-wrap elementor-element-populated\">\n\t\t\t\t\t\t\t\t<div class=\"elementor-element elementor-element-cb7c8c7 elementor-widget elementor-widget-heading\" data-id=\"cb7c8c7\" data-element_type=\"widget\" data-widget_type=\"heading.default\">\n\t\t\t\t<div class=\"elementor-widget-container\">\n\t\t\t<style>\/*! elementor - v3.18.0 - 20-12-2023 *\/\n.elementor-heading-title{padding:0;margin:0;line-height:1}.elementor-widget-heading .elementor-heading-title[class*=elementor-size-]>a{color:inherit;font-size:inherit;line-height:inherit}.elementor-widget-heading .elementor-heading-title.elementor-size-small{font-size:15px}.elementor-widget-heading .elementor-heading-title.elementor-size-medium{font-size:19px}.elementor-widget-heading .elementor-heading-title.elementor-size-large{font-size:29px}.elementor-widget-heading .elementor-heading-title.elementor-size-xl{font-size:39px}.elementor-widget-heading .elementor-heading-title.elementor-size-xxl{font-size:59px}<\/style><h1 class=\"elementor-heading-title elementor-size-default\">Cr\u00e9dits<\/h1>\t\t<\/div>\n\t\t\t\t<\/div>\n\t\t\t\t<div class=\"elementor-element elementor-element-d56c0ce elementor-widget elementor-widget-text-editor\" data-id=\"d56c0ce\" data-element_type=\"widget\" data-widget_type=\"text-editor.default\">\n\t\t\t\t<div class=\"elementor-widget-container\">\n\t\t\t<style>\/*! elementor - v3.18.0 - 20-12-2023 *\/\n.elementor-widget-text-editor.elementor-drop-cap-view-stacked .elementor-drop-cap{background-color:#69727d;color:#fff}.elementor-widget-text-editor.elementor-drop-cap-view-framed .elementor-drop-cap{color:#69727d;border:3px solid;background-color:transparent}.elementor-widget-text-editor:not(.elementor-drop-cap-view-default) .elementor-drop-cap{margin-top:8px}.elementor-widget-text-editor:not(.elementor-drop-cap-view-default) .elementor-drop-cap-letter{width:1em;height:1em}.elementor-widget-text-editor .elementor-drop-cap{float:left;text-align:center;line-height:1;font-size:50px}.elementor-widget-text-editor .elementor-drop-cap-letter{display:inline-block}<\/style>\t\t\t\t<p>Ce site Internet a \u00e9t\u00e9 d\u00e9velopp\u00e9 par Franck Privat fondateur du site www.siteinternet.solutions.<\/p>\n<p>Depuis 2009, Franck privat con\u00e7ois et cr\u00e9e des sites Internet professionnels pour ses clients. Le pr\u00e9sent site a \u00e9t\u00e9 enti\u00e8rement d\u00e9velopp\u00e9 sous sa responsabilit\u00e9. Il en assure \u00e9galement la maintenance et conseil la galerie au quotidien pour ses futurs d\u00e9veloppements. Nous recommendons fortement ses comp\u00e9tences et ses services \u00e0 toutes les entreprises qui souhaitent faire appel \u00e0 un <a href=\"https:\/\/www.siteinternet.solutions\" target=\"_blank\" rel=\"noopener\">cr\u00e9ateur de site Internet professionnel<\/a> et ind\u00e9pendant.<\/p>\n\t\t\t\t\t\t<\/div>\n\t\t\t\t<\/div>\n\t\t\t\t\t<\/div>\n\t\t<\/div>\n\t\t\t\t\t\t\t<\/div>\n\t\t<\/section>\n\t\t\t\t\t\t\t<\/div>\n\t\t","protected":false},"excerpt":{"rendered":"<p>Cr\u00e9dits Ce site Internet a \u00e9t\u00e9 d\u00e9velopp\u00e9 par Franck Privat fondateur du site www.siteinternet.solutions. Depuis 2009, Franck privat con\u00e7ois et cr\u00e9e des sites Internet professionnels pour ses clients. Le pr\u00e9sent site a \u00e9t\u00e9 enti\u00e8rement d\u00e9velopp\u00e9 sous sa responsabilit\u00e9. Il en assure \u00e9galement la maintenance et conseil la galerie au quotidien pour ses futurs d\u00e9veloppements. Nous &hellip; <a href=\"https:\/\/www.paris-b.com\/fr\/credits\/\" class=\"more-link\">Continuer la lecture<span class=\"screen-reader-text\"> de &laquo;&nbsp;CR\u00c9DITS&nbsp;&raquo;<\/span><\/a><\/p>\n","protected":false},"author":1,"featured_media":0,"parent":0,"menu_order":0,"comment_status":"closed","ping_status":"closed","template":"elementor_header_footer","meta":{"_acf_changed":false,"footnotes":""},"acf":[],"yoast_head":"<!-- This site is optimized with the Yoast SEO plugin v21.8.1 - https:\/\/yoast.com\/wordpress\/plugins\/seo\/ -->\n<title>Cr\u00e9dit d\u00e9veloppement WEB<\/title>\n<meta name=\"description\" content=\"Le pr\u00e9sent site Internet a \u00e9t\u00e9 d\u00e9velopp\u00e9 par Franck Privat fondateur du site www.siteInternet.solutions\" \/>\n<meta name=\"robots\" content=\"index, follow, max-snippet:-1, max-image-preview:large, max-video-preview:-1\" \/>\n<link rel=\"canonical\" href=\"https:\/\/www.paris-b.com\/fr\/credits\/\" \/>\n<meta property=\"og:locale\" content=\"fr_FR\" \/>\n<meta property=\"og:type\" content=\"article\" \/>\n<meta property=\"og:title\" content=\"Cr\u00e9dit d\u00e9veloppement WEB\" \/>\n<meta property=\"og:description\" content=\"Le pr\u00e9sent site Internet a \u00e9t\u00e9 d\u00e9velopp\u00e9 par Franck Privat fondateur du site www.siteInternet.solutions\" \/>\n<meta property=\"og:url\" content=\"https:\/\/www.paris-b.com\/fr\/credits\/\" \/>\n<meta property=\"og:site_name\" content=\"PARIS\u00b7B\" \/>\n<meta property=\"article:publisher\" content=\"https:\/\/www.facebook.com\/GalerieParisB\" \/>\n<meta property=\"article:modified_time\" content=\"2024-01-24T11:40:29+00:00\" \/>\n<meta name=\"twitter:card\" content=\"summary_large_image\" \/>\n<script type=\"application\/ld+json\" class=\"yoast-schema-graph\">{\"@context\":\"https:\/\/schema.org\",\"@graph\":[{\"@type\":\"WebPage\",\"@id\":\"https:\/\/www.paris-b.com\/fr\/credits\/\",\"url\":\"https:\/\/www.paris-b.com\/fr\/credits\/\",\"name\":\"Cr\u00e9dit d\u00e9veloppement WEB\",\"isPartOf\":{\"@id\":\"https:\/\/www.paris-b.com\/#website\"},\"datePublished\":\"2022-12-16T10:30:39+00:00\",\"dateModified\":\"2024-01-24T11:40:29+00:00\",\"description\":\"Le pr\u00e9sent site Internet a \u00e9t\u00e9 d\u00e9velopp\u00e9 par Franck Privat fondateur du site www.siteInternet.solutions\",\"breadcrumb\":{\"@id\":\"https:\/\/www.paris-b.com\/fr\/credits\/#breadcrumb\"},\"inLanguage\":\"fr-FR\",\"potentialAction\":[{\"@type\":\"ReadAction\",\"target\":[\"https:\/\/www.paris-b.com\/fr\/credits\/\"]}]},{\"@type\":\"BreadcrumbList\",\"@id\":\"https:\/\/www.paris-b.com\/fr\/credits\/#breadcrumb\",\"itemListElement\":[{\"@type\":\"ListItem\",\"position\":1,\"name\":\"Home\",\"item\":\"https:\/\/www.paris-b.com\/fr\/accueil-elementor\/\"},{\"@type\":\"ListItem\",\"position\":2,\"name\":\"CR\u00c9DITS\"}]},{\"@type\":\"WebSite\",\"@id\":\"https:\/\/www.paris-b.com\/#website\",\"url\":\"https:\/\/www.paris-b.com\/\",\"name\":\"PARIS\u00b7B\",\"description\":\"Contemporary Art Gallery in Paris\",\"publisher\":{\"@id\":\"https:\/\/www.paris-b.com\/#organization\"},\"potentialAction\":[{\"@type\":\"SearchAction\",\"target\":{\"@type\":\"EntryPoint\",\"urlTemplate\":\"https:\/\/www.paris-b.com\/?s={search_term_string}\"},\"query-input\":\"required name=search_term_string\"}],\"inLanguage\":\"fr-FR\"},{\"@type\":\"Organization\",\"@id\":\"https:\/\/www.paris-b.com\/#organization\",\"name\":\"Galerie Paris-B\",\"url\":\"https:\/\/www.paris-b.com\/\",\"logo\":{\"@type\":\"ImageObject\",\"inLanguage\":\"fr-FR\",\"@id\":\"https:\/\/www.paris-b.com\/#\/schema\/logo\/image\/\",\"url\":\"https:\/\/www.paris-b.com\/wp-content\/uploads\/2022\/03\/logo_paris-b.jpg\",\"contentUrl\":\"https:\/\/www.paris-b.com\/wp-content\/uploads\/2022\/03\/logo_paris-b.jpg\",\"width\":300,\"height\":100,\"caption\":\"Galerie Paris-B\"},\"image\":{\"@id\":\"https:\/\/www.paris-b.com\/#\/schema\/logo\/image\/\"},\"sameAs\":[\"https:\/\/www.facebook.com\/GalerieParisB\",\"https:\/\/www.instagram.com\/galerieparisb\",\"https:\/\/www.pinterest.com\/galerieparisb\"]}]}<\/script>\n<!-- \/ Yoast SEO plugin. -->","yoast_head_json":{"title":"Cr\u00e9dit d\u00e9veloppement WEB","description":"Le pr\u00e9sent site Internet a \u00e9t\u00e9 d\u00e9velopp\u00e9 par Franck Privat fondateur du site www.siteInternet.solutions","robots":{"index":"index","follow":"follow","max-snippet":"max-snippet:-1","max-image-preview":"max-image-preview:large","max-video-preview":"max-video-preview:-1"},"canonical":"https:\/\/www.paris-b.com\/fr\/credits\/","og_locale":"fr_FR","og_type":"article","og_title":"Cr\u00e9dit d\u00e9veloppement WEB","og_description":"Le pr\u00e9sent site Internet a \u00e9t\u00e9 d\u00e9velopp\u00e9 par Franck Privat fondateur du site www.siteInternet.solutions","og_url":"https:\/\/www.paris-b.com\/fr\/credits\/","og_site_name":"PARIS\u00b7B","article_publisher":"https:\/\/www.facebook.com\/GalerieParisB","article_modified_time":"2024-01-24T11:40:29+00:00","twitter_card":"summary_large_image","schema":{"@context":"https:\/\/schema.org","@graph":[{"@type":"WebPage","@id":"https:\/\/www.paris-b.com\/fr\/credits\/","url":"https:\/\/www.paris-b.com\/fr\/credits\/","name":"Cr\u00e9dit d\u00e9veloppement WEB","isPartOf":{"@id":"https:\/\/www.paris-b.com\/#website"},"datePublished":"2022-12-16T10:30:39+00:00","dateModified":"2024-01-24T11:40:29+00:00","description":"Le pr\u00e9sent site Internet a \u00e9t\u00e9 d\u00e9velopp\u00e9 par Franck Privat fondateur du site www.siteInternet.solutions","breadcrumb":{"@id":"https:\/\/www.paris-b.com\/fr\/credits\/#breadcrumb"},"inLanguage":"fr-FR","potentialAction":[{"@type":"ReadAction","target":["https:\/\/www.paris-b.com\/fr\/credits\/"]}]},{"@type":"BreadcrumbList","@id":"https:\/\/www.paris-b.com\/fr\/credits\/#breadcrumb","itemListElement":[{"@type":"ListItem","position":1,"name":"Home","item":"https:\/\/www.paris-b.com\/fr\/accueil-elementor\/"},{"@type":"ListItem","position":2,"name":"CR\u00c9DITS"}]},{"@type":"WebSite","@id":"https:\/\/www.paris-b.com\/#website","url":"https:\/\/www.paris-b.com\/","name":"PARIS\u00b7B","description":"Contemporary Art Gallery in Paris","publisher":{"@id":"https:\/\/www.paris-b.com\/#organization"},"potentialAction":[{"@type":"SearchAction","target":{"@type":"EntryPoint","urlTemplate":"https:\/\/www.paris-b.com\/?s={search_term_string}"},"query-input":"required name=search_term_string"}],"inLanguage":"fr-FR"},{"@type":"Organization","@id":"https:\/\/www.paris-b.com\/#organization","name":"Galerie Paris-B","url":"https:\/\/www.paris-b.com\/","logo":{"@type":"ImageObject","inLanguage":"fr-FR","@id":"https:\/\/www.paris-b.com\/#\/schema\/logo\/image\/","url":"https:\/\/www.paris-b.com\/wp-content\/uploads\/2022\/03\/logo_paris-b.jpg","contentUrl":"https:\/\/www.paris-b.com\/wp-content\/uploads\/2022\/03\/logo_paris-b.jpg","width":300,"height":100,"caption":"Galerie Paris-B"},"image":{"@id":"https:\/\/www.paris-b.com\/#\/schema\/logo\/image\/"},"sameAs":["https:\/\/www.facebook.com\/GalerieParisB","https:\/\/www.instagram.com\/galerieparisb","https:\/\/www.pinterest.com\/galerieparisb"]}]}},"_links":{"self":[{"href":"https:\/\/www.paris-b.com\/fr\/wp-json\/wp\/v2\/pages\/41920"}],"collection":[{"href":"https:\/\/www.paris-b.com\/fr\/wp-json\/wp\/v2\/pages"}],"about":[{"href":"https:\/\/www.paris-b.com\/fr\/wp-json\/wp\/v2\/types\/page"}],"author":[{"embeddable":true,"href":"https:\/\/www.paris-b.com\/fr\/wp-json\/wp\/v2\/users\/1"}],"replies":[{"embeddable":true,"href":"https:\/\/www.paris-b.com\/fr\/wp-json\/wp\/v2\/comments?post=41920"}],"version-history":[{"count":1,"href":"https:\/\/www.paris-b.com\/fr\/wp-json\/wp\/v2\/pages\/41920\/revisions"}],"predecessor-version":[{"id":41921,"href":"https:\/\/www.paris-b.com\/fr\/wp-json\/wp\/v2\/pages\/41920\/revisions\/41921"}],"wp:attachment":[{"href":"https:\/\/www.paris-b.com\/fr\/wp-json\/wp\/v2\/media?parent=41920"}],"curies":[{"name":"wp","href":"https:\/\/api.w.org\/{rel}","templated":true}]}}