{"id":41938,"date":"2022-12-16T09:44:19","date_gmt":"2022-12-16T09:44:19","guid":{"rendered":"https:\/\/www.paris-b.com\/mentions-legales\/"},"modified":"2024-01-24T11:57:29","modified_gmt":"2024-01-24T11:57:29","slug":"mentions-legales","status":"publish","type":"page","link":"https:\/\/www.paris-b.com\/fr\/mentions-legales\/","title":{"rendered":"Mentions L\u00e9gales"},"content":{"rendered":"\t\t<div data-elementor-type=\"wp-page\" data-elementor-id=\"41938\" class=\"elementor elementor-41938 elementor-25025\">\n\t\t\t\t\t\t\t\t\t<section class=\"elementor-section elementor-top-section elementor-element elementor-element-1fe4945 elementor-section-boxed elementor-section-height-default elementor-section-height-default\" data-id=\"1fe4945\" data-element_type=\"section\">\n\t\t\t\t\t\t<div class=\"elementor-container elementor-column-gap-default\">\n\t\t\t\t\t<div class=\"elementor-column elementor-col-100 elementor-top-column elementor-element elementor-element-bf26acd\" data-id=\"bf26acd\" data-element_type=\"column\">\n\t\t\t<div class=\"elementor-widget-wrap elementor-element-populated\">\n\t\t\t\t\t\t\t\t<div class=\"elementor-element elementor-element-cb7c8c7 elementor-widget elementor-widget-heading\" data-id=\"cb7c8c7\" data-element_type=\"widget\" data-widget_type=\"heading.default\">\n\t\t\t\t<div class=\"elementor-widget-container\">\n\t\t\t<style>\/*! elementor - v3.18.0 - 20-12-2023 *\/\n.elementor-heading-title{padding:0;margin:0;line-height:1}.elementor-widget-heading .elementor-heading-title[class*=elementor-size-]>a{color:inherit;font-size:inherit;line-height:inherit}.elementor-widget-heading .elementor-heading-title.elementor-size-small{font-size:15px}.elementor-widget-heading .elementor-heading-title.elementor-size-medium{font-size:19px}.elementor-widget-heading .elementor-heading-title.elementor-size-large{font-size:29px}.elementor-widget-heading .elementor-heading-title.elementor-size-xl{font-size:39px}.elementor-widget-heading .elementor-heading-title.elementor-size-xxl{font-size:59px}<\/style><h1 class=\"elementor-heading-title elementor-size-default\">Mentions L\u00e9gales<\/h1>\t\t<\/div>\n\t\t\t\t<\/div>\n\t\t\t\t<div class=\"elementor-element elementor-element-d56c0ce elementor-widget elementor-widget-text-editor\" data-id=\"d56c0ce\" data-element_type=\"widget\" data-widget_type=\"text-editor.default\">\n\t\t\t\t<div class=\"elementor-widget-container\">\n\t\t\t<style>\/*! elementor - v3.18.0 - 20-12-2023 *\/\n.elementor-widget-text-editor.elementor-drop-cap-view-stacked .elementor-drop-cap{background-color:#69727d;color:#fff}.elementor-widget-text-editor.elementor-drop-cap-view-framed .elementor-drop-cap{color:#69727d;border:3px solid;background-color:transparent}.elementor-widget-text-editor:not(.elementor-drop-cap-view-default) .elementor-drop-cap{margin-top:8px}.elementor-widget-text-editor:not(.elementor-drop-cap-view-default) .elementor-drop-cap-letter{width:1em;height:1em}.elementor-widget-text-editor .elementor-drop-cap{float:left;text-align:center;line-height:1;font-size:50px}.elementor-widget-text-editor .elementor-drop-cap-letter{display:inline-block}<\/style>\t\t\t\t<p>Chez PARIS-B, accessible depuis <a href=\"https:\/\/www.paris-b.com\/fr\/\">https:\/\/www.paris-b.com<\/a>, l&rsquo;une de nos principales priorit\u00e9s est la confidentialit\u00e9 de nos visiteurs. Ce document de politique de confidentialit\u00e9 contient les types d&rsquo;informations collect\u00e9es et enregistr\u00e9es par PARIS-B et la mani\u00e8re dont nous les utilisons.<\/p>\n<p>R\u00e8glement G\u00e9n\u00e9ral sur la Protection des Donn\u00e9es (RGPD)<br \/>Nous sommes un contr\u00f4leur de donn\u00e9es de vos informations.<\/p>\n<p>La base juridique de PARIS-B pour la collecte et l&rsquo;utilisation des informations personnelles d\u00e9crites dans la pr\u00e9sente Politique de confidentialit\u00e9 d\u00e9pend des informations personnelles que nous collectons et du contexte sp\u00e9cifique dans lequel nous collectons les informations :<\/p>\n<p>PARIS-B doit ex\u00e9cuter un contrat avec vous<br \/>Vous avez donn\u00e9 \u00e0 PARIS-B l&rsquo;autorisation de le faire<br \/>Le traitement de vos informations personnelles r\u00e9pond aux int\u00e9r\u00eats l\u00e9gitimes de PARIS-B<br \/>PARIS-B doit se conformer \u00e0 la loi<\/p>\n<p>Paris-B conservera vos informations personnelles uniquement aussi longtemps que n\u00e9cessaire aux fins \u00e9nonc\u00e9es dans la pr\u00e9sente Politique de confidentialit\u00e9. Nous conserverons et utiliserons vos informations dans la mesure n\u00e9cessaire pour nous conformer \u00e0 nos obligations l\u00e9gales, r\u00e9soudre les litiges et appliquer nos politiques. Notre politique de confidentialit\u00e9 a \u00e9t\u00e9 g\u00e9n\u00e9r\u00e9e \u00e0 l&rsquo;aide du g\u00e9n\u00e9rateur de politique de confidentialit\u00e9 GDPR.<\/p>\n<p>Si vous r\u00e9sidez dans l&rsquo;Espace \u00e9conomique europ\u00e9en (EEE), vous disposez de certains droits en mati\u00e8re de protection des donn\u00e9es. Si vous souhaitez \u00eatre inform\u00e9 des informations personnelles que nous d\u00e9tenons \u00e0 votre sujet et si vous souhaitez qu&rsquo;elles soient supprim\u00e9es de nos syst\u00e8mes, veuillez nous contacter.<\/p>\n<p>Dans certaines circonstances, vous disposez des droits suivants en mati\u00e8re de protection des donn\u00e9es :<\/p>\n<p>Le droit d\u2019acc\u00e9der, de mettre \u00e0 jour ou de supprimer les informations que nous d\u00e9tenons sur vous.<br \/>Le droit de rectification.<br \/>Le droit de s&rsquo;opposer.<br \/>Le droit de restriction.<br \/>Le droit \u00e0 la portabilit\u00e9 des donn\u00e9es<br \/>Le droit de retirer son consentement<br \/>Fichiers Log<\/p>\n<p>PARIS-B suit une proc\u00e9dure standard d&rsquo;utilisation des fichiers Log. Ces fichiers enregistrent les visiteurs lorsqu&rsquo;ils visitent des sites Web. Toutes les soci\u00e9t\u00e9s d\u2019h\u00e9bergement le font ainsi qu\u2019une partie des analyses des services d\u2019h\u00e9bergement. Les informations collect\u00e9es par les fichiers journaux incluent les adresses de protocole Internet (IP), le type de navigateur, le fournisseur d&rsquo;acc\u00e8s Internet (FAI), la date et l&rsquo;heure, les pages de r\u00e9f\u00e9rence\/de sortie et \u00e9ventuellement le nombre de clics. Ceux-ci ne sont li\u00e9s \u00e0 aucune information personnellement identifiable. Le but de ces informations est d\u2019analyser les tendances, d\u2019administrer le site, de suivre les mouvements des utilisateurs sur le site Web et de recueillir des informations d\u00e9mographiques.<\/p>\n\t\t\t\t\t\t<\/div>\n\t\t\t\t<\/div>\n\t\t\t\t<div class=\"elementor-element elementor-element-59f0c31 elementor-widget elementor-widget-heading\" data-id=\"59f0c31\" data-element_type=\"widget\" data-widget_type=\"heading.default\">\n\t\t\t\t<div class=\"elementor-widget-container\">\n\t\t\t<h2 class=\"elementor-heading-title elementor-size-default\">Cookies et balises Web<\/h2>\t\t<\/div>\n\t\t\t\t<\/div>\n\t\t\t\t<div class=\"elementor-element elementor-element-8838dbb elementor-widget elementor-widget-text-editor\" data-id=\"8838dbb\" data-element_type=\"widget\" data-widget_type=\"text-editor.default\">\n\t\t\t\t<div class=\"elementor-widget-container\">\n\t\t\t\t\t\t\t<p>Comme tout autre site Internet, PARIS-B utilise des \u00ab cookies \u00bb. Ces cookies sont utilis\u00e9s pour stocker des informations, notamment les pr\u00e9f\u00e9rences des visiteurs et les pages du site Web auxquelles le visiteur a acc\u00e9d\u00e9 ou visit\u00e9. Les informations sont utilis\u00e9es pour optimiser l\u2019exp\u00e9rience des utilisateurs en personnalisant le contenu de notre page Web en fonction du type de navigateur des visiteurs et\/ou d\u2019autres informations.<\/p>\n\t\t\t\t\t\t<\/div>\n\t\t\t\t<\/div>\n\t\t\t\t<div class=\"elementor-element elementor-element-11cdfed elementor-widget elementor-widget-heading\" data-id=\"11cdfed\" data-element_type=\"widget\" data-widget_type=\"heading.default\">\n\t\t\t\t<div class=\"elementor-widget-container\">\n\t\t\t<h2 class=\"elementor-heading-title elementor-size-default\">Les politiques de confidentialit\u00e9<\/h2>\t\t<\/div>\n\t\t\t\t<\/div>\n\t\t\t\t<div class=\"elementor-element elementor-element-b7a6d4d elementor-widget elementor-widget-text-editor\" data-id=\"b7a6d4d\" data-element_type=\"widget\" data-widget_type=\"text-editor.default\">\n\t\t\t\t<div class=\"elementor-widget-container\">\n\t\t\t\t\t\t\t<p>Vous pouvez consulter cette liste pour retrouver la Politique de Confidentialit\u00e9 de chacun des partenaires publicitaires de PARIS-B.<\/p>\n<p>Les serveurs publicitaires ou r\u00e9seaux publicitaires tiers utilisent des technologies telles que les cookies, JavaScript ou les balises Web qui sont utilis\u00e9es dans leurs publicit\u00e9s respectives et les liens qui apparaissent sur kamel mennour, qui sont envoy\u00e9s directement au navigateur des utilisateurs. Ils re\u00e7oivent automatiquement votre adresse IP lorsque cela se produit. Ces technologies sont utilis\u00e9es pour mesurer l&rsquo;efficacit\u00e9 de leurs campagnes publicitaires et\/ou pour personnaliser le contenu publicitaire que vous voyez sur les sites Web que vous visitez.<br \/>A noter que PARIS-B n&rsquo;a aucun acc\u00e8s ni contr\u00f4le sur ces cookies qui sont utilis\u00e9s par des annonceurs tiers.<\/p>\n\t\t\t\t\t\t<\/div>\n\t\t\t\t<\/div>\n\t\t\t\t<div class=\"elementor-element elementor-element-1b5f32d elementor-widget elementor-widget-heading\" data-id=\"1b5f32d\" data-element_type=\"widget\" data-widget_type=\"heading.default\">\n\t\t\t\t<div class=\"elementor-widget-container\">\n\t\t\t<h2 class=\"elementor-heading-title elementor-size-default\">Politiques de confidentialit\u00e9 des tiers<\/h2>\t\t<\/div>\n\t\t\t\t<\/div>\n\t\t\t\t<div class=\"elementor-element elementor-element-797c8d4 elementor-widget elementor-widget-text-editor\" data-id=\"797c8d4\" data-element_type=\"widget\" data-widget_type=\"text-editor.default\">\n\t\t\t\t<div class=\"elementor-widget-container\">\n\t\t\t\t\t\t\tLa Politique de Confidentialit\u00e9 de PARIS-B ne s\u2019applique pas aux autres annonceurs ou sites Internet. Ainsi, nous vous conseillons de consulter les politiques de confidentialit\u00e9 respectives de ces serveurs publicitaires tiers pour des informations plus d\u00e9taill\u00e9es. Il peut inclure leurs pratiques et instructions sur la mani\u00e8re de se d\u00e9sinscrire de certaines options. Vous pouvez trouver une liste compl\u00e8te de ces politiques de confidentialit\u00e9 et leurs liens ici : Liens vers la politique de confidentialit\u00e9.\n\nVous pouvez choisir de d\u00e9sactiver les cookies via les options de votre navigateur individuel. Pour conna\u00eetre des informations plus d\u00e9taill\u00e9es sur la gestion des cookies avec des navigateurs Web sp\u00e9cifiques, elles sont disponibles sur les sites Web respectifs des navigateurs. Que sont les cookies ?\t\t\t\t\t\t<\/div>\n\t\t\t\t<\/div>\n\t\t\t\t<div class=\"elementor-element elementor-element-d96c49f elementor-widget elementor-widget-heading\" data-id=\"d96c49f\" data-element_type=\"widget\" data-widget_type=\"heading.default\">\n\t\t\t\t<div class=\"elementor-widget-container\">\n\t\t\t<h2 class=\"elementor-heading-title elementor-size-default\">Informations pour les enfants<\/h2>\t\t<\/div>\n\t\t\t\t<\/div>\n\t\t\t\t<div class=\"elementor-element elementor-element-c4f038c elementor-widget elementor-widget-text-editor\" data-id=\"c4f038c\" data-element_type=\"widget\" data-widget_type=\"text-editor.default\">\n\t\t\t\t<div class=\"elementor-widget-container\">\n\t\t\t\t\t\t\tUne autre partie de notre priorit\u00e9 consiste \u00e0 ajouter une protection aux enfants lorsqu\u2019ils utilisent Internet. Nous encourageons les parents et tuteurs \u00e0 observer, participer et\/ou surveiller et guider leur activit\u00e9 en ligne.\n\nPARIS-B ne collecte sciemment aucune information personnelle identifiable aupr\u00e8s d\u2019enfants de moins de 13 ans. Si vous pensez que votre enfant a fourni ce type d&rsquo;informations sur notre site Web, nous vous encourageons fortement \u00e0 nous contacter imm\u00e9diatement et nous ferons de notre mieux pour supprimer rapidement ces informations de nos dossiers.\t\t\t\t\t\t<\/div>\n\t\t\t\t<\/div>\n\t\t\t\t<div class=\"elementor-element elementor-element-8663226 elementor-widget elementor-widget-heading\" data-id=\"8663226\" data-element_type=\"widget\" data-widget_type=\"heading.default\">\n\t\t\t\t<div class=\"elementor-widget-container\">\n\t\t\t<h2 class=\"elementor-heading-title elementor-size-default\">Politique de confidentialit\u00e9 en ligne uniquement<\/h2>\t\t<\/div>\n\t\t\t\t<\/div>\n\t\t\t\t<div class=\"elementor-element elementor-element-86250a0 elementor-widget elementor-widget-text-editor\" data-id=\"86250a0\" data-element_type=\"widget\" data-widget_type=\"text-editor.default\">\n\t\t\t\t<div class=\"elementor-widget-container\">\n\t\t\t\t\t\t\t<p>Notre politique de confidentialit\u00e9 s&rsquo;applique uniquement \u00e0 nos activit\u00e9s en ligne et est valable pour les visiteurs de notre site Web en ce qui concerne les informations qu&rsquo;ils ont partag\u00e9es et\/ou collect\u00e9es dans PARIS-B. Cette politique n&rsquo;est pas applicable aux informations collect\u00e9es hors ligne ou via des canaux autres que ce site Web. .<\/p>\n\t\t\t\t\t\t<\/div>\n\t\t\t\t<\/div>\n\t\t\t\t<div class=\"elementor-element elementor-element-ffe18c8 elementor-widget elementor-widget-heading\" data-id=\"ffe18c8\" data-element_type=\"widget\" data-widget_type=\"heading.default\">\n\t\t\t\t<div class=\"elementor-widget-container\">\n\t\t\t<h2 class=\"elementor-heading-title elementor-size-default\">Consentement<\/h2>\t\t<\/div>\n\t\t\t\t<\/div>\n\t\t\t\t<div class=\"elementor-element elementor-element-4922521 elementor-widget elementor-widget-text-editor\" data-id=\"4922521\" data-element_type=\"widget\" data-widget_type=\"text-editor.default\">\n\t\t\t\t<div class=\"elementor-widget-container\">\n\t\t\t\t\t\t\tEn utilisant notre site Web, vous consentez par la pr\u00e9sente \u00e0 notre politique de confidentialit\u00e9 et acceptez ses conditions.\n\n\nSi vous avez des questions suppl\u00e9mentaires ou avez besoin de plus d&rsquo;informations sur notre Politique de Confidentialit\u00e9, n&rsquo;h\u00e9sitez pas \u00e0 nous contacter par email \u00e0 paris@paris-b.com\t\t\t\t\t\t<\/div>\n\t\t\t\t<\/div>\n\t\t\t\t\t<\/div>\n\t\t<\/div>\n\t\t\t\t\t\t\t<\/div>\n\t\t<\/section>\n\t\t\t\t\t\t\t<\/div>\n\t\t","protected":false},"excerpt":{"rendered":"<p>Mentions L\u00e9gales Chez PARIS-B, accessible depuis https:\/\/www.paris-b.com, l&rsquo;une de nos principales priorit\u00e9s est la confidentialit\u00e9 de nos visiteurs. Ce document de politique de confidentialit\u00e9 contient les types d&rsquo;informations collect\u00e9es et enregistr\u00e9es par PARIS-B et la mani\u00e8re dont nous les utilisons. R\u00e8glement G\u00e9n\u00e9ral sur la Protection des Donn\u00e9es (RGPD)Nous sommes un contr\u00f4leur de donn\u00e9es de vos &hellip; <a href=\"https:\/\/www.paris-b.com\/fr\/mentions-legales\/\" class=\"more-link\">Continuer la lecture<span class=\"screen-reader-text\"> de &laquo;&nbsp;Mentions L\u00e9gales&nbsp;&raquo;<\/span><\/a><\/p>\n","protected":false},"author":1,"featured_media":0,"parent":0,"menu_order":0,"comment_status":"closed","ping_status":"closed","template":"elementor_header_footer","meta":{"_acf_changed":false,"footnotes":""},"acf":[],"yoast_head":"<!-- This site is optimized with the Yoast SEO plugin v21.8.1 - https:\/\/yoast.com\/wordpress\/plugins\/seo\/ -->\n<title>Mentions L\u00e9gales - Galerie PARIS\u00b7B<\/title>\n<meta name=\"description\" content=\"D\u00e9tail des mentions l\u00e9gales du site www.paris-b.com\" \/>\n<meta name=\"robots\" content=\"index, follow, max-snippet:-1, max-image-preview:large, max-video-preview:-1\" \/>\n<link rel=\"canonical\" href=\"https:\/\/www.paris-b.com\/fr\/mentions-legales\/\" \/>\n<meta property=\"og:locale\" content=\"fr_FR\" \/>\n<meta property=\"og:type\" content=\"article\" \/>\n<meta property=\"og:title\" content=\"Mentions L\u00e9gales - Galerie PARIS\u00b7B\" \/>\n<meta property=\"og:description\" content=\"D\u00e9tail des mentions l\u00e9gales du site www.paris-b.com\" \/>\n<meta property=\"og:url\" content=\"https:\/\/www.paris-b.com\/fr\/mentions-legales\/\" \/>\n<meta property=\"og:site_name\" content=\"PARIS\u00b7B\" \/>\n<meta property=\"article:publisher\" content=\"https:\/\/www.facebook.com\/GalerieParisB\" \/>\n<meta property=\"article:modified_time\" content=\"2024-01-24T11:57:29+00:00\" \/>\n<meta name=\"twitter:card\" content=\"summary_large_image\" \/>\n<meta name=\"twitter:label1\" content=\"Dur\u00e9e de lecture estim\u00e9e\" \/>\n\t<meta name=\"twitter:data1\" content=\"5 minutes\" \/>\n<script type=\"application\/ld+json\" class=\"yoast-schema-graph\">{\"@context\":\"https:\/\/schema.org\",\"@graph\":[{\"@type\":\"WebPage\",\"@id\":\"https:\/\/www.paris-b.com\/fr\/mentions-legales\/\",\"url\":\"https:\/\/www.paris-b.com\/fr\/mentions-legales\/\",\"name\":\"Mentions L\u00e9gales - Galerie PARIS\u00b7B\",\"isPartOf\":{\"@id\":\"https:\/\/www.paris-b.com\/#website\"},\"datePublished\":\"2022-12-16T09:44:19+00:00\",\"dateModified\":\"2024-01-24T11:57:29+00:00\",\"description\":\"D\u00e9tail des mentions l\u00e9gales du site www.paris-b.com\",\"breadcrumb\":{\"@id\":\"https:\/\/www.paris-b.com\/fr\/mentions-legales\/#breadcrumb\"},\"inLanguage\":\"fr-FR\",\"potentialAction\":[{\"@type\":\"ReadAction\",\"target\":[\"https:\/\/www.paris-b.com\/fr\/mentions-legales\/\"]}]},{\"@type\":\"BreadcrumbList\",\"@id\":\"https:\/\/www.paris-b.com\/fr\/mentions-legales\/#breadcrumb\",\"itemListElement\":[{\"@type\":\"ListItem\",\"position\":1,\"name\":\"Home\",\"item\":\"https:\/\/www.paris-b.com\/fr\/accueil-elementor\/\"},{\"@type\":\"ListItem\",\"position\":2,\"name\":\"Mentions L\u00e9gales\"}]},{\"@type\":\"WebSite\",\"@id\":\"https:\/\/www.paris-b.com\/#website\",\"url\":\"https:\/\/www.paris-b.com\/\",\"name\":\"PARIS\u00b7B\",\"description\":\"Contemporary Art Gallery in Paris\",\"publisher\":{\"@id\":\"https:\/\/www.paris-b.com\/#organization\"},\"potentialAction\":[{\"@type\":\"SearchAction\",\"target\":{\"@type\":\"EntryPoint\",\"urlTemplate\":\"https:\/\/www.paris-b.com\/?s={search_term_string}\"},\"query-input\":\"required name=search_term_string\"}],\"inLanguage\":\"fr-FR\"},{\"@type\":\"Organization\",\"@id\":\"https:\/\/www.paris-b.com\/#organization\",\"name\":\"Galerie Paris-B\",\"url\":\"https:\/\/www.paris-b.com\/\",\"logo\":{\"@type\":\"ImageObject\",\"inLanguage\":\"fr-FR\",\"@id\":\"https:\/\/www.paris-b.com\/#\/schema\/logo\/image\/\",\"url\":\"https:\/\/www.paris-b.com\/wp-content\/uploads\/2022\/03\/logo_paris-b.jpg\",\"contentUrl\":\"https:\/\/www.paris-b.com\/wp-content\/uploads\/2022\/03\/logo_paris-b.jpg\",\"width\":300,\"height\":100,\"caption\":\"Galerie Paris-B\"},\"image\":{\"@id\":\"https:\/\/www.paris-b.com\/#\/schema\/logo\/image\/\"},\"sameAs\":[\"https:\/\/www.facebook.com\/GalerieParisB\",\"https:\/\/www.instagram.com\/galerieparisb\",\"https:\/\/www.pinterest.com\/galerieparisb\"]}]}<\/script>\n<!-- \/ Yoast SEO plugin. -->","yoast_head_json":{"title":"Mentions L\u00e9gales - Galerie PARIS\u00b7B","description":"D\u00e9tail des mentions l\u00e9gales du site www.paris-b.com","robots":{"index":"index","follow":"follow","max-snippet":"max-snippet:-1","max-image-preview":"max-image-preview:large","max-video-preview":"max-video-preview:-1"},"canonical":"https:\/\/www.paris-b.com\/fr\/mentions-legales\/","og_locale":"fr_FR","og_type":"article","og_title":"Mentions L\u00e9gales - Galerie PARIS\u00b7B","og_description":"D\u00e9tail des mentions l\u00e9gales du site www.paris-b.com","og_url":"https:\/\/www.paris-b.com\/fr\/mentions-legales\/","og_site_name":"PARIS\u00b7B","article_publisher":"https:\/\/www.facebook.com\/GalerieParisB","article_modified_time":"2024-01-24T11:57:29+00:00","twitter_card":"summary_large_image","twitter_misc":{"Dur\u00e9e de lecture estim\u00e9e":"5 minutes"},"schema":{"@context":"https:\/\/schema.org","@graph":[{"@type":"WebPage","@id":"https:\/\/www.paris-b.com\/fr\/mentions-legales\/","url":"https:\/\/www.paris-b.com\/fr\/mentions-legales\/","name":"Mentions L\u00e9gales - Galerie PARIS\u00b7B","isPartOf":{"@id":"https:\/\/www.paris-b.com\/#website"},"datePublished":"2022-12-16T09:44:19+00:00","dateModified":"2024-01-24T11:57:29+00:00","description":"D\u00e9tail des mentions l\u00e9gales du site www.paris-b.com","breadcrumb":{"@id":"https:\/\/www.paris-b.com\/fr\/mentions-legales\/#breadcrumb"},"inLanguage":"fr-FR","potentialAction":[{"@type":"ReadAction","target":["https:\/\/www.paris-b.com\/fr\/mentions-legales\/"]}]},{"@type":"BreadcrumbList","@id":"https:\/\/www.paris-b.com\/fr\/mentions-legales\/#breadcrumb","itemListElement":[{"@type":"ListItem","position":1,"name":"Home","item":"https:\/\/www.paris-b.com\/fr\/accueil-elementor\/"},{"@type":"ListItem","position":2,"name":"Mentions L\u00e9gales"}]},{"@type":"WebSite","@id":"https:\/\/www.paris-b.com\/#website","url":"https:\/\/www.paris-b.com\/","name":"PARIS\u00b7B","description":"Contemporary Art Gallery in Paris","publisher":{"@id":"https:\/\/www.paris-b.com\/#organization"},"potentialAction":[{"@type":"SearchAction","target":{"@type":"EntryPoint","urlTemplate":"https:\/\/www.paris-b.com\/?s={search_term_string}"},"query-input":"required name=search_term_string"}],"inLanguage":"fr-FR"},{"@type":"Organization","@id":"https:\/\/www.paris-b.com\/#organization","name":"Galerie Paris-B","url":"https:\/\/www.paris-b.com\/","logo":{"@type":"ImageObject","inLanguage":"fr-FR","@id":"https:\/\/www.paris-b.com\/#\/schema\/logo\/image\/","url":"https:\/\/www.paris-b.com\/wp-content\/uploads\/2022\/03\/logo_paris-b.jpg","contentUrl":"https:\/\/www.paris-b.com\/wp-content\/uploads\/2022\/03\/logo_paris-b.jpg","width":300,"height":100,"caption":"Galerie Paris-B"},"image":{"@id":"https:\/\/www.paris-b.com\/#\/schema\/logo\/image\/"},"sameAs":["https:\/\/www.facebook.com\/GalerieParisB","https:\/\/www.instagram.com\/galerieparisb","https:\/\/www.pinterest.com\/galerieparisb"]}]}},"_links":{"self":[{"href":"https:\/\/www.paris-b.com\/fr\/wp-json\/wp\/v2\/pages\/41938"}],"collection":[{"href":"https:\/\/www.paris-b.com\/fr\/wp-json\/wp\/v2\/pages"}],"about":[{"href":"https:\/\/www.paris-b.com\/fr\/wp-json\/wp\/v2\/types\/page"}],"author":[{"embeddable":true,"href":"https:\/\/www.paris-b.com\/fr\/wp-json\/wp\/v2\/users\/1"}],"replies":[{"embeddable":true,"href":"https:\/\/www.paris-b.com\/fr\/wp-json\/wp\/v2\/comments?post=41938"}],"version-history":[{"count":1,"href":"https:\/\/www.paris-b.com\/fr\/wp-json\/wp\/v2\/pages\/41938\/revisions"}],"predecessor-version":[{"id":41939,"href":"https:\/\/www.paris-b.com\/fr\/wp-json\/wp\/v2\/pages\/41938\/revisions\/41939"}],"wp:attachment":[{"href":"https:\/\/www.paris-b.com\/fr\/wp-json\/wp\/v2\/media?parent=41938"}],"curies":[{"name":"wp","href":"https:\/\/api.w.org\/{rel}","templated":true}]}}